{"id":81,"date":"2025-01-26T18:07:53","date_gmt":"2025-01-26T18:07:53","guid":{"rendered":"https:\/\/kidsrok-wp-prd.azurewebsites.net\/?page_id=81"},"modified":"2026-03-07T18:18:07","modified_gmt":"2026-03-07T18:18:07","slug":"project-india","status":"publish","type":"page","link":"https:\/\/kidsrok.org\/sv\/project-india\/","title":{"rendered":"Projekt Indien"},"content":{"rendered":"<p>The Indian project is now currently run under &#8216;Education First&#8217; organization registered in India as 12A (non-profit) and 80G (Tax exemption for donors). The Co-Founder and Managing Director Sunjeet Sudhir is leading the charge. <\/p>\n\n\n\n<p><\/p>\n\n\n\n<p>KIDS.R.OK runs several evening schools in different locations in Chennai, India. These locations have strategically been chosen due in slum areas where the kids families&#8217; cannot afford private school or where higher education is normally not achieved and strived for. We would like to give these kids more support in their education pursuit and empower the kids by giving them role models through our mentorship program. We want to make them believe that education does matter and that higher education is possible no matter what background they come from. Each evening school is run by two part-time employed teachers and all evening schools are overseen by our project manager who are challenging and inspiring the teachers in this journey to make an impact in these children&#8217;s lives.<\/p>\n\n\n\n<p><\/p>\n\n\n\n<blockquote class=\"wp-block-quote is-layout-flow wp-block-quote-is-layout-flow\">\n<p>We know the challenges that the world faces today. Our team members come from various educational backgrounds and culture, bringing diversity to our organization in a global world to solve global problems.<\/p>\n<\/blockquote>\n\n\n\n<p>When we work, we roll up our sleeves and become committed to the cause of our goals. Our success is measured by the number of children reached in providing aid and resources to their upliftment. That\u2019s why we invest whatever resources that are needed and raise money from our donor to meet the urgent needs.<\/p>\n\n\n\n<p><strong>kids.R.ok Team,&nbsp;Commitment &amp; Experience<\/strong><\/p>\n\n\n\n<p><\/p>\n\n\n\n<div class=\"wp-block-columns is-layout-flex wp-container-core-columns-is-layout-1 wp-block-columns-is-layout-flex\">\n<div class=\"wp-block-column is-layout-flow wp-block-column-is-layout-flow\">\n<h3 class=\"wp-block-heading\">Childrens Activities<\/h3>\n\n\n\n<p><a href=\"https:\/\/kidsrok-wp-prd.azurewebsites.net\/project-india\/childrens-activities\/\">Click here to read more<\/a><\/p>\n<\/div>\n\n\n\n<div class=\"wp-block-column is-layout-flow wp-block-column-is-layout-flow\">\n<h3 class=\"wp-block-heading\">Project Chennai<\/h3>\n\n\n\n<p><a href=\"https:\/\/kidsrok-wp-prd.azurewebsites.net\/project-india\/project-india-chennai\/\">Click here to read more<\/a><\/p>\n<\/div>\n\n\n\n<div class=\"wp-block-column is-layout-flow wp-block-column-is-layout-flow\">\n<h3 class=\"wp-block-heading\">Project Orissa<\/h3>\n\n\n\n<p><a href=\"https:\/\/kidsrok-wp-prd.azurewebsites.net\/project-india\/project-india-orissa\/\">Click here to read more<\/a><\/p>\n<\/div>\n<\/div>\n\n\n\n<figure class=\"wp-block-image aligncenter size-full is-resized\"><img loading=\"lazy\" decoding=\"async\" width=\"1024\" height=\"1024\" src=\"\/wp-content\/uploads\/2026\/03\/044f6ce0-6d3a-482a-961c-2ae33dd55e52.webp\" alt=\"\" class=\"wp-image-548\" style=\"width:724px;height:auto\" srcset=\"\/wp-content\/uploads\/2026\/03\/044f6ce0-6d3a-482a-961c-2ae33dd55e52.webp 1024w, \/wp-content\/uploads\/2026\/03\/044f6ce0-6d3a-482a-961c-2ae33dd55e52-300x300.webp 300w, \/wp-content\/uploads\/2026\/03\/044f6ce0-6d3a-482a-961c-2ae33dd55e52-150x150.webp 150w, \/wp-content\/uploads\/2026\/03\/044f6ce0-6d3a-482a-961c-2ae33dd55e52-768x768.webp 768w, \/wp-content\/uploads\/2026\/03\/044f6ce0-6d3a-482a-961c-2ae33dd55e52-12x12.webp 12w\" sizes=\"(max-width: 1024px) 100vw, 1024px\" \/><\/figure>\n\n\n\n<blockquote class=\"wp-block-quote is-layout-flow wp-block-quote-is-layout-flow\">\n<h4 class=\"wp-block-heading\"><strong>kids.R.ok Outreach to Community <\/strong><\/h4>\n<\/blockquote>\n\n\n\n<figure class=\"wp-block-pullquote\"><blockquote><p><em><strong>During Covid, kids.R.ok took on initiatives to help our children&#8217;s familes in need<\/strong><\/em><\/p><\/blockquote><\/figure>\n\n\n\n<figure class=\"wp-block-image aligncenter size-large\"><img loading=\"lazy\" decoding=\"async\" width=\"1024\" height=\"639\" src=\"\/wp-content\/uploads\/2025\/01\/image-3-1024x639.png\" alt=\"\" class=\"wp-image-83\" srcset=\"\/wp-content\/uploads\/2025\/01\/image-3-1024x639.png 1024w, \/wp-content\/uploads\/2025\/01\/image-3-300x187.png 300w, \/wp-content\/uploads\/2025\/01\/image-3-768x479.png 768w, \/wp-content\/uploads\/2025\/01\/image-3.png 1180w\" sizes=\"(max-width: 1024px) 100vw, 1024px\" \/><\/figure>\n\n\n\n<figure class=\"wp-block-image aligncenter size-large\"><img loading=\"lazy\" decoding=\"async\" width=\"1024\" height=\"577\" src=\"\/wp-content\/uploads\/2025\/01\/image-4-1024x577.png\" alt=\"\" class=\"wp-image-96\" srcset=\"\/wp-content\/uploads\/2025\/01\/image-4-1024x577.png 1024w, \/wp-content\/uploads\/2025\/01\/image-4-300x169.png 300w, \/wp-content\/uploads\/2025\/01\/image-4-768x433.png 768w, \/wp-content\/uploads\/2025\/01\/image-4.png 1080w\" sizes=\"(max-width: 1024px) 100vw, 1024px\" \/><\/figure>\n\n\n\n<blockquote class=\"wp-block-quote is-layout-flow wp-block-quote-is-layout-flow\">\n<p><\/p>\n<\/blockquote>\n\n\n\n<figure class=\"wp-block-pullquote\"><blockquote><p>During the Chennai Floods in 2015, kids.R.ok volunteers were on the ground to help our children&#8217;s family affected<\/p><\/blockquote><\/figure>\n\n\n\n<figure class=\"wp-block-embed is-type-video is-provider-youtube wp-block-embed-youtube wp-embed-aspect-16-9 wp-has-aspect-ratio\"><div class=\"wp-block-embed__wrapper\">\n<iframe loading=\"lazy\" title=\"kids.R.ok Hj\u00e4lpinsatser efter \u00f6versv\u00e4mningen i Chennai\" width=\"500\" height=\"281\" src=\"https:\/\/www.youtube.com\/embed\/718aFIx8C3k?feature=oembed\" frameborder=\"0\" allow=\"accelerometer; autoplay; clipboard-write; encrypted-media; gyroscope; picture-in-picture; web-share\" referrerpolicy=\"strict-origin-when-cross-origin\" allowfullscreen><\/iframe>\n<\/div><\/figure>","protected":false},"excerpt":{"rendered":"<p>The Indian project is now currently run under &#8216;Education First&#8217; organization registered in India as 12A (non-profit) and 80G (Tax exemption for donors). The Co-Founder and Managing Director [&hellip;]<\/p>\n","protected":false},"author":2,"featured_media":0,"parent":0,"menu_order":0,"comment_status":"closed","ping_status":"closed","template":"","meta":{"footnotes":""},"_links":{"self":[{"href":"https:\/\/kidsrok.org\/sv\/wp-json\/wp\/v2\/pages\/81"}],"collection":[{"href":"https:\/\/kidsrok.org\/sv\/wp-json\/wp\/v2\/pages"}],"about":[{"href":"https:\/\/kidsrok.org\/sv\/wp-json\/wp\/v2\/types\/page"}],"author":[{"embeddable":true,"href":"https:\/\/kidsrok.org\/sv\/wp-json\/wp\/v2\/users\/2"}],"replies":[{"embeddable":true,"href":"https:\/\/kidsrok.org\/sv\/wp-json\/wp\/v2\/comments?post=81"}],"version-history":[{"count":22,"href":"https:\/\/kidsrok.org\/sv\/wp-json\/wp\/v2\/pages\/81\/revisions"}],"predecessor-version":[{"id":554,"href":"https:\/\/kidsrok.org\/sv\/wp-json\/wp\/v2\/pages\/81\/revisions\/554"}],"wp:attachment":[{"href":"https:\/\/kidsrok.org\/sv\/wp-json\/wp\/v2\/media?parent=81"}],"curies":[{"name":"wp","href":"https:\/\/api.w.org\/{rel}","templated":true}]}}