{"id":2,"date":"2025-01-25T15:01:00","date_gmt":"2025-01-25T15:01:00","guid":{"rendered":"https:\/\/kidsrok-wp-prd.azurewebsites.net\/?page_id=2"},"modified":"2026-02-22T11:57:14","modified_gmt":"2026-02-22T11:57:14","slug":"sample-page","status":"publish","type":"page","link":"https:\/\/kidsrok.org\/sv\/team-and-board-kids-r-ok\/sample-page\/","title":{"rendered":"VEM \u00c4R VI"},"content":{"rendered":"<p>Kids.R.Ok began with an idea of creating a platform where individuals of various backgrounds could come together and make an impact to a great social need.<\/p>\n\n\n\n<p>Det stora sociala behov som vi har identifierat \u00e4r \u2018utbildning\u2019 f\u00f6r alla barn.<\/p>\n\n\n\n<p>Kids.R.Ok fokuserar p\u00e5&nbsp;<strong>barn f\u00e5r en utbildning av god kvalitet<\/strong>&nbsp;och det n\u00f6dv\u00e4ndiga st\u00f6d som kr\u00e4vs f\u00f6r att de ska kunna s\u00f6ka lyckan. Utbildning \u00e4r nyckeln till att ge dem en stabil framtid, eftersom det inte bara ger dessa barn en v\u00e4g ut ur hoppl\u00f6sheten, utan ocks\u00e5 g\u00f6r gott f\u00f6r samh\u00e4llet i stort genom att ta en generation ut ur fattigdomens o\u00e4ndliga cykel.<\/p>\n\n\n\n<p class=\"has-body-text-background-color has-background\"><\/p>\n\n\n\n<div class=\"wp-block-columns is-layout-flex wp-container-core-columns-is-layout-1 wp-block-columns-is-layout-flex\">\n<div class=\"wp-block-column is-layout-flow wp-block-column-is-layout-flow\">\n<figure class=\"wp-block-image size-large\"><img loading=\"lazy\" decoding=\"async\" width=\"1024\" height=\"870\" src=\"\/wp-content\/uploads\/2026\/02\/Screenshot-2026-02-22-at-12.42.29-1-1024x870.png\" alt=\"\" class=\"wp-image-410\" srcset=\"\/wp-content\/uploads\/2026\/02\/Screenshot-2026-02-22-at-12.42.29-1-1024x870.png 1024w, \/wp-content\/uploads\/2026\/02\/Screenshot-2026-02-22-at-12.42.29-1-300x255.png 300w, \/wp-content\/uploads\/2026\/02\/Screenshot-2026-02-22-at-12.42.29-1-768x653.png 768w, \/wp-content\/uploads\/2026\/02\/Screenshot-2026-02-22-at-12.42.29-1.png 1266w\" sizes=\"(max-width: 1024px) 100vw, 1024px\" \/><\/figure>\n<\/div>\n\n\n\n<div class=\"wp-block-column is-layout-flow wp-block-column-is-layout-flow\">\n<figure class=\"wp-block-image size-large\"><img loading=\"lazy\" decoding=\"async\" width=\"1024\" height=\"879\" src=\"https:\/\/kidsrokwpp-ee33225e01-endpoint.azureedge.net\/blobkidsrokwppee33225e01\/wp-content\/uploads\/2026\/02\/Screenshot-2026-02-22-at-12.42.05-1024x879.png\" alt=\"\" class=\"wp-image-408\" srcset=\"\/wp-content\/uploads\/2026\/02\/Screenshot-2026-02-22-at-12.42.05-1024x879.png 1024w, \/wp-content\/uploads\/2026\/02\/Screenshot-2026-02-22-at-12.42.05-300x257.png 300w, \/wp-content\/uploads\/2026\/02\/Screenshot-2026-02-22-at-12.42.05-768x659.png 768w, \/wp-content\/uploads\/2026\/02\/Screenshot-2026-02-22-at-12.42.05.png 1298w\" sizes=\"(max-width: 1024px) 100vw, 1024px\" \/><\/figure>\n<\/div>\n<\/div>\n\n\n\n<h2 class=\"wp-block-heading\">kids.R.ok Values<\/h2>\n\n\n\n<p><strong>Unwavering Commitment to Children<\/strong>&nbsp;\u2013 Every effort we make is dedicated to uplifting and empowering underprivileged children, ensuring they have the support they need to thrive.<\/p>\n\n\n\n<p><strong>Compassion and Integrity<\/strong>&nbsp;\u2013 We operate with love, empathy, and the highest ethical standards, respecting all cultures and uniting communities in our mission.<\/p>\n\n\n\n<p><strong>Transparency and Accountability<\/strong>&nbsp;\u2013 Every donation directly funds education and projects that create lasting impact in children\u2019s lives.<\/p>\n\n\n\n<p><strong>Excellence in Action<\/strong>&nbsp;\u2013 Through hard work, sincerity, and collaboration, we strive to make a meaningful difference &#8211; always with a smile!<\/p>\n\n\n\n<p><\/p>\n\n\n\n<figure class=\"wp-block-image size-full\"><img loading=\"lazy\" decoding=\"async\" width=\"2602\" height=\"1488\" src=\"https:\/\/kidsrokwpp-ee33225e01-endpoint.azureedge.net\/blobkidsrokwppee33225e01\/wp-content\/uploads\/2025\/01\/Screenshot-2025-01-26-at-11.57.41.png\" alt=\"\" class=\"wp-image-52\" srcset=\"\/wp-content\/uploads\/2025\/01\/Screenshot-2025-01-26-at-11.57.41.png 2602w, \/wp-content\/uploads\/2025\/01\/Screenshot-2025-01-26-at-11.57.41-300x172.png 300w, \/wp-content\/uploads\/2025\/01\/Screenshot-2025-01-26-at-11.57.41-1024x586.png 1024w, \/wp-content\/uploads\/2025\/01\/Screenshot-2025-01-26-at-11.57.41-768x439.png 768w, \/wp-content\/uploads\/2025\/01\/Screenshot-2025-01-26-at-11.57.41-1536x878.png 1536w, \/wp-content\/uploads\/2025\/01\/Screenshot-2025-01-26-at-11.57.41-2048x1171.png 2048w\" sizes=\"(max-width: 2602px) 100vw, 2602px\" \/><\/figure>\n\n\n\n<p><\/p>","protected":false},"excerpt":{"rendered":"<p>Kids.R.Ok began with an idea of creating a platform where individuals of various backgrounds could come together and make an impact to a great social need. The great [&hellip;]<\/p>\n","protected":false},"author":2,"featured_media":0,"parent":100,"menu_order":0,"comment_status":"closed","ping_status":"open","template":"","meta":{"footnotes":""},"_links":{"self":[{"href":"https:\/\/kidsrok.org\/sv\/wp-json\/wp\/v2\/pages\/2"}],"collection":[{"href":"https:\/\/kidsrok.org\/sv\/wp-json\/wp\/v2\/pages"}],"about":[{"href":"https:\/\/kidsrok.org\/sv\/wp-json\/wp\/v2\/types\/page"}],"author":[{"embeddable":true,"href":"https:\/\/kidsrok.org\/sv\/wp-json\/wp\/v2\/users\/2"}],"replies":[{"embeddable":true,"href":"https:\/\/kidsrok.org\/sv\/wp-json\/wp\/v2\/comments?post=2"}],"version-history":[{"count":19,"href":"https:\/\/kidsrok.org\/sv\/wp-json\/wp\/v2\/pages\/2\/revisions"}],"predecessor-version":[{"id":414,"href":"https:\/\/kidsrok.org\/sv\/wp-json\/wp\/v2\/pages\/2\/revisions\/414"}],"up":[{"embeddable":true,"href":"https:\/\/kidsrok.org\/sv\/wp-json\/wp\/v2\/pages\/100"}],"wp:attachment":[{"href":"https:\/\/kidsrok.org\/sv\/wp-json\/wp\/v2\/media?parent=2"}],"curies":[{"name":"wp","href":"https:\/\/api.w.org\/{rel}","templated":true}]}}