{"id":100,"date":"2025-01-26T18:59:07","date_gmt":"2025-01-26T18:59:07","guid":{"rendered":"https:\/\/kidsrok-wp-prd.azurewebsites.net\/?page_id=100"},"modified":"2026-03-05T16:25:40","modified_gmt":"2026-03-05T16:25:40","slug":"team-and-board-kids-r-ok","status":"publish","type":"page","link":"https:\/\/kidsrok.org\/sv\/team-and-board-kids-r-ok\/","title":{"rendered":"Team och styrelse - kids.R.ok"},"content":{"rendered":"<pre class=\"wp-block-preformatted\">Kids.R.ok b\u00f6rjade med en id\u00e9 om att skapa en plattform d\u00e4r individer med olika bakgrund kunde samlas och g\u00f6ra en insats f\u00f6r ett stort socialt behov.<br><br><strong>Det stora sociala behov som vi har identifierat \u00e4r \u2018utbildning\u2019 f\u00f6r alla barn.<\/strong><br><br>Kids.R.ok \u00e4r tacksamma f\u00f6r att ha ett engagerat team och en styrelse som arbetar som volont\u00e4rer, vilket g\u00f6r det m\u00f6jligt f\u00f6r organisationen att enbart anv\u00e4nda medlen f\u00f6r maximal effekt som gynnar barnhj\u00e4lpsprojekt \u00f6ver hela v\u00e4rlden.<br><br><\/pre>\n\n\n\n<blockquote class=\"wp-block-quote is-layout-flow wp-block-quote-is-layout-flow\">\n<p>\u201cJag har arbetat i olika NGO:er f\u00f6r att f\u00f6rst\u00e5 utvecklingsbist\u00e5nd och samarbete och f\u00f6r att uppleva andra kulturer. Jag har ett stort hj\u00e4rta f\u00f6r fattiga och missgynnade barn och barns r\u00e4ttigheter, och d\u00e4rf\u00f6r best\u00e4mde jag mig f\u00f6r att g\u00e5 med i Kids.R.ok:s projekt. Jag ser fram emot att f\u00e5 bidra till organisationens insamlingar och projektledning.\u201d<\/p>\n<cite>- Thirza Van Den Broek, projektledare Sverige<\/cite><\/blockquote>\n\n\n\n<p><br><\/p>\n\n\n\n<blockquote class=\"wp-block-quote has-text-align-right is-layout-flow wp-block-quote-is-layout-flow\">\n<p>\u201cDet h\u00e4r arbetet ger mig ett syfte som hj\u00e4lper mig att kanalisera den f\u00f6r\u00e4ndring jag vill se i v\u00e4rlden, s\u00e4rskilt f\u00f6r flickor.\u201d<\/p>\n<cite>Rebecca Solomon, chef f\u00f6r KIDS.R.OK i USA<\/cite><\/blockquote>\n\n\n\n<blockquote class=\"wp-block-quote is-layout-flow wp-block-quote-is-layout-flow\">\n<p>\u201cJag tycker mycket om att arbeta med barn och ungdomar. Det har alltid varit min passion att hj\u00e4lpa dem att f\u00f6rverkliga och till fullo utnyttja sin gudagivna potential. Jag \u00e4r socialarbetare till yrket och tror starkt p\u00e5 att det \u00e4r v\u00e5rt ansvar att m\u00f6jligg\u00f6ra och st\u00e4rka dem som beh\u00f6ver eller s\u00f6ker hj\u00e4lp.<br>Eftersom \u201cKids.R.ok\u201d ocks\u00e5 arbetar med samma vision och uppdrag att f\u00f6rb\u00e4ttra livet f\u00f6r de underprivilegierade barnen i samh\u00e4llet, \u00e4r jag glad \u00f6ver att f\u00e5 vara en del av detta uppdrag. Jag hoppas och tror att vi kan f\u00e5 en betydande inverkan p\u00e5 dessa barns och deras familjers liv och d\u00e4rigenom bidra till samh\u00e4llets utveckling.\u201d<\/p>\n<cite>- Evangelin Grace, projektledare Indien<\/cite><\/blockquote>\n\n\n\n<hr class=\"wp-block-separator has-alpha-channel-opacity is-style-wide\"\/>\n\n\n\n<div class=\"wp-block-group has-global-padding is-layout-constrained wp-block-group-is-layout-constrained\">\n<div class=\"wp-block-columns is-layout-flex wp-container-core-columns-is-layout-1 wp-block-columns-is-layout-flex\">\n<div class=\"wp-block-column is-layout-flow wp-block-column-is-layout-flow\" style=\"flex-basis:25%\">\n<h4 class=\"wp-block-heading\">Vilka \u00e4r vi?<\/h4>\n\n\n\n<figure class=\"wp-block-embed is-type-video is-provider-youtube wp-block-embed-youtube wp-embed-aspect-16-9 wp-has-aspect-ratio\"><div class=\"wp-block-embed__wrapper\">\n<iframe loading=\"lazy\" title=\"Vilka \u00e4r vi? kids.R.ok Team Story\" width=\"500\" height=\"281\" src=\"https:\/\/www.youtube.com\/embed\/sdkCdw_U5FE?feature=oembed\" frameborder=\"0\" allow=\"accelerometer; autoplay; clipboard-write; encrypted-media; gyroscope; picture-in-picture; web-share\" referrerpolicy=\"strict-origin-when-cross-origin\" allowfullscreen><\/iframe>\n<\/div><\/figure>\n<\/div>\n\n\n\n<div class=\"wp-block-column is-layout-flow wp-block-column-is-layout-flow\" style=\"flex-basis:50%\">\n<h4 class=\"wp-block-heading\">Vad g\u00f6r vi?<\/h4>\n\n\n\n<figure class=\"wp-block-embed is-type-video is-provider-youtube wp-block-embed-youtube wp-embed-aspect-16-9 wp-has-aspect-ratio\"><div class=\"wp-block-embed__wrapper\">\n<iframe loading=\"lazy\" title=\"kids.R.ok Hj\u00e4lpinsatser efter \u00f6versv\u00e4mningen i Chennai\" width=\"500\" height=\"281\" src=\"https:\/\/www.youtube.com\/embed\/718aFIx8C3k?feature=oembed\" frameborder=\"0\" allow=\"accelerometer; autoplay; clipboard-write; encrypted-media; gyroscope; picture-in-picture; web-share\" referrerpolicy=\"strict-origin-when-cross-origin\" allowfullscreen><\/iframe>\n<\/div><\/figure>\n<\/div>\n\n\n\n<div class=\"wp-block-column is-layout-flow wp-block-column-is-layout-flow\" style=\"flex-basis:25%\">\n<h4 class=\"wp-block-heading\">Hur vi f\u00f6r\u00e4ndrar liv?<\/h4>\n\n\n\n<figure class=\"wp-block-embed is-type-video is-provider-youtube wp-block-embed-youtube wp-embed-aspect-4-3 wp-has-aspect-ratio\"><div class=\"wp-block-embed__wrapper\">\n<iframe loading=\"lazy\" title=\"Omvandling av barnhemmet i Orissa - Kids.R.ok\" width=\"500\" height=\"375\" src=\"https:\/\/www.youtube.com\/embed\/h802D8vqvlU?feature=oembed\" frameborder=\"0\" allow=\"accelerometer; autoplay; clipboard-write; encrypted-media; gyroscope; picture-in-picture; web-share\" referrerpolicy=\"strict-origin-when-cross-origin\" allowfullscreen><\/iframe>\n<\/div><\/figure>\n<\/div>\n<\/div>\n<\/div>\n\n\n\n<p><\/p>\n\n\n\n<h2 class=\"wp-block-heading\"><strong>Tr\u00e4ffa teamet<\/strong><\/h2>\n\n\n\n<div class=\"wp-block-columns is-layout-flex wp-container-core-columns-is-layout-2 wp-block-columns-is-layout-flex\">\n<div class=\"wp-block-column is-layout-flow wp-block-column-is-layout-flow\">\n<figure class=\"wp-block-image size-full wp-duotone-grayscale\"><img loading=\"lazy\" decoding=\"async\" width=\"150\" height=\"150\" src=\"\/wp-content\/uploads\/2026\/02\/image-11.png\" alt=\"\" class=\"wp-image-329\"\/><\/figure>\n<\/div>\n\n\n\n<div class=\"wp-block-column is-layout-flow wp-block-column-is-layout-flow\">\n<figure class=\"wp-block-image size-full wp-duotone-grayscale\"><img loading=\"lazy\" decoding=\"async\" width=\"150\" height=\"150\" src=\"\/wp-content\/uploads\/2026\/02\/image-12.png\" alt=\"\" class=\"wp-image-331\"\/><\/figure>\n<\/div>\n\n\n\n<div class=\"wp-block-column is-layout-flow wp-block-column-is-layout-flow\">\n<figure class=\"wp-block-image size-full wp-duotone-grayscale\"><img loading=\"lazy\" decoding=\"async\" width=\"150\" height=\"150\" src=\"\/wp-content\/uploads\/2026\/02\/image-14.png\" alt=\"\" class=\"wp-image-335\"\/><\/figure>\n<\/div>\n<\/div>\n\n\n\n<div class=\"wp-block-columns is-layout-flex wp-container-core-columns-is-layout-3 wp-block-columns-is-layout-flex\">\n<div class=\"wp-block-column is-layout-flow wp-block-column-is-layout-flow\">\n<h6 class=\"wp-block-heading\">Rebecca Solomon - USA<\/h6>\n<\/div>\n\n\n\n<div class=\"wp-block-column is-layout-flow wp-block-column-is-layout-flow\">\n<h6 class=\"wp-block-heading\">Emily Petersen - Sverige <\/h6>\n<\/div>\n\n\n\n<div class=\"wp-block-column is-layout-flow wp-block-column-is-layout-flow\">\n<h6 class=\"wp-block-heading\">Vikram <strong>Aravamudhan<\/strong> - USA<\/h6>\n<\/div>\n<\/div>\n\n\n\n<div class=\"wp-block-columns is-layout-flex wp-container-core-columns-is-layout-4 wp-block-columns-is-layout-flex\">\n<div class=\"wp-block-column is-layout-flow wp-block-column-is-layout-flow\">\n<figure class=\"wp-block-image size-full wp-duotone-grayscale\"><img loading=\"lazy\" decoding=\"async\" width=\"150\" height=\"150\" src=\"\/wp-content\/uploads\/2026\/02\/image-15.png\" alt=\"\" class=\"wp-image-336\"\/><\/figure>\n\n\n\n<blockquote class=\"wp-block-quote is-layout-flow wp-block-quote-is-layout-flow\">\n<p><\/p>\n<\/blockquote>\n<\/div>\n\n\n\n<div class=\"wp-block-column is-layout-flow wp-block-column-is-layout-flow\">\n<figure class=\"wp-block-image size-full wp-duotone-grayscale\"><img loading=\"lazy\" decoding=\"async\" width=\"150\" height=\"150\" src=\"\/wp-content\/uploads\/2026\/02\/image-19.png\" alt=\"\" class=\"wp-image-347\"\/><\/figure>\n<\/div>\n\n\n\n<div class=\"wp-block-column is-layout-flow wp-block-column-is-layout-flow\">\n<figure class=\"wp-block-image size-full wp-duotone-grayscale\"><img loading=\"lazy\" decoding=\"async\" width=\"150\" height=\"150\" src=\"\/wp-content\/uploads\/2026\/02\/image-18.png\" alt=\"\" class=\"wp-image-341\"\/><\/figure>\n<\/div>\n<\/div>\n\n\n\n<div class=\"wp-block-columns is-layout-flex wp-container-core-columns-is-layout-5 wp-block-columns-is-layout-flex\">\n<div class=\"wp-block-column is-layout-flow wp-block-column-is-layout-flow\">\n<h6 class=\"wp-block-heading\">Adeline Candred - Indien<\/h6>\n<\/div>\n\n\n\n<div class=\"wp-block-column is-layout-flow wp-block-column-is-layout-flow\">\n<h6 class=\"wp-block-heading\">Roy Robinson - Indien<\/h6>\n<\/div>\n\n\n\n<div class=\"wp-block-column is-layout-flow wp-block-column-is-layout-flow\">\n<h6 class=\"wp-block-heading\">Alan Ann Abraham - Indien<\/h6>\n<\/div>\n<\/div>\n\n\n\n<p><\/p>\n\n\n\n<div class=\"wp-block-columns is-layout-flex wp-container-core-columns-is-layout-6 wp-block-columns-is-layout-flex\">\n<div class=\"wp-block-column is-layout-flow wp-block-column-is-layout-flow\">\n<figure class=\"wp-block-image size-full wp-duotone-grayscale\"><img loading=\"lazy\" decoding=\"async\" width=\"150\" height=\"150\" src=\"\/wp-content\/uploads\/2026\/02\/image-24.png\" alt=\"\" class=\"wp-image-362\"\/><\/figure>\n<\/div>\n\n\n\n<div class=\"wp-block-column is-layout-flow wp-block-column-is-layout-flow\">\n<figure class=\"wp-block-image size-full wp-duotone-grayscale\"><img loading=\"lazy\" decoding=\"async\" width=\"150\" height=\"150\" src=\"\/wp-content\/uploads\/2026\/02\/image-25.png\" alt=\"\" class=\"wp-image-363\"\/><\/figure>\n<\/div>\n\n\n\n<div class=\"wp-block-column is-layout-flow wp-block-column-is-layout-flow\">\n<figure class=\"wp-block-image size-full wp-duotone-grayscale\"><img loading=\"lazy\" decoding=\"async\" width=\"150\" height=\"150\" src=\"\/wp-content\/uploads\/2026\/02\/image-26.png\" alt=\"\" class=\"wp-image-364\"\/><\/figure>\n<\/div>\n<\/div>\n\n\n\n<div class=\"wp-block-columns is-layout-flex wp-container-core-columns-is-layout-7 wp-block-columns-is-layout-flex\">\n<div class=\"wp-block-column is-layout-flow wp-block-column-is-layout-flow\">\n<h6 class=\"wp-block-heading\">Shadi Mozen - Sverige<\/h6>\n<\/div>\n\n\n\n<div class=\"wp-block-column is-layout-flow wp-block-column-is-layout-flow\">\n<h6 class=\"wp-block-heading\">Gloria Cheang - USA<\/h6>\n<\/div>\n\n\n\n<div class=\"wp-block-column is-layout-flow wp-block-column-is-layout-flow\">\n<h6 class=\"wp-block-heading\"><strong>Karuppayee Meyyappan<\/strong> - USA<\/h6>\n<\/div>\n<\/div>\n\n\n\n<div class=\"wp-block-columns is-layout-flex wp-container-core-columns-is-layout-8 wp-block-columns-is-layout-flex\">\n<div class=\"wp-block-column is-layout-flow wp-block-column-is-layout-flow\">\n<figure class=\"wp-block-image size-full is-resized wp-duotone-grayscale\"><img loading=\"lazy\" decoding=\"async\" width=\"640\" height=\"640\" src=\"\/wp-content\/uploads\/2026\/02\/image-28.png\" alt=\"\" class=\"wp-image-387\" style=\"width:162px;height:auto\" srcset=\"\/wp-content\/uploads\/2026\/02\/image-28.png 640w, \/wp-content\/uploads\/2026\/02\/image-28-300x300.png 300w, \/wp-content\/uploads\/2026\/02\/image-28-150x150.png 150w\" sizes=\"(max-width: 640px) 100vw, 640px\" \/><\/figure>\n<\/div>\n\n\n\n<div class=\"wp-block-column is-layout-flow wp-block-column-is-layout-flow\">\n<figure class=\"wp-block-image size-full is-resized wp-duotone-grayscale\"><img loading=\"lazy\" decoding=\"async\" width=\"376\" height=\"334\" src=\"\/wp-content\/uploads\/2026\/02\/Screenshot-2026-02-20-at-19.58.22.png\" alt=\"\" class=\"wp-image-388\" style=\"width:168px;height:auto\" srcset=\"\/wp-content\/uploads\/2026\/02\/Screenshot-2026-02-20-at-19.58.22.png 376w, \/wp-content\/uploads\/2026\/02\/Screenshot-2026-02-20-at-19.58.22-300x266.png 300w\" sizes=\"(max-width: 376px) 100vw, 376px\" \/><\/figure>\n<\/div>\n\n\n\n<div class=\"wp-block-column is-layout-flow wp-block-column-is-layout-flow\">\n<figure class=\"wp-block-image size-full is-resized wp-duotone-grayscale\"><img loading=\"lazy\" decoding=\"async\" width=\"640\" height=\"640\" src=\"\/wp-content\/uploads\/2026\/02\/image-29.png\" alt=\"\" class=\"wp-image-389\" style=\"width:155px;height:auto\" srcset=\"\/wp-content\/uploads\/2026\/02\/image-29.png 640w, \/wp-content\/uploads\/2026\/02\/image-29-300x300.png 300w, \/wp-content\/uploads\/2026\/02\/image-29-150x150.png 150w\" sizes=\"(max-width: 640px) 100vw, 640px\" \/><\/figure>\n<\/div>\n<\/div>\n\n\n\n<div class=\"wp-block-columns is-layout-flex wp-container-core-columns-is-layout-9 wp-block-columns-is-layout-flex\">\n<div class=\"wp-block-column is-layout-flow wp-block-column-is-layout-flow\">\n<h6 class=\"wp-block-heading\">Emma Ahlqvist - Revisor<\/h6>\n<\/div>\n\n\n\n<div class=\"wp-block-column is-layout-flow wp-block-column-is-layout-flow\">\n<h6 class=\"wp-block-heading\">Laura Lamberth - Sverige <\/h6>\n<\/div>\n\n\n\n<div class=\"wp-block-column is-layout-flow wp-block-column-is-layout-flow\">\n<h6 class=\"wp-block-heading\">Elie Noah - Sverige<\/h6>\n<\/div>\n<\/div>\n\n\n\n<div class=\"wp-block-columns is-layout-flex wp-container-core-columns-is-layout-10 wp-block-columns-is-layout-flex\">\n<div class=\"wp-block-column is-layout-flow wp-block-column-is-layout-flow\">\n<figure class=\"wp-block-image size-full is-resized wp-duotone-grayscale\"><img loading=\"lazy\" decoding=\"async\" width=\"348\" height=\"352\" src=\"\/wp-content\/uploads\/2026\/03\/santhosh-copy.jpeg\" alt=\"\" class=\"wp-image-526\" style=\"width:170px;height:auto\" srcset=\"\/wp-content\/uploads\/2026\/03\/santhosh-copy.jpeg 348w, \/wp-content\/uploads\/2026\/03\/santhosh-copy-297x300.jpeg 297w, \/wp-content\/uploads\/2026\/03\/santhosh-copy-12x12.jpeg 12w\" sizes=\"(max-width: 348px) 100vw, 348px\" \/><\/figure>\n<\/div>\n\n\n\n<div class=\"wp-block-column is-layout-flow wp-block-column-is-layout-flow\">\n<figure class=\"wp-block-image size-full is-resized wp-duotone-grayscale\"><img loading=\"lazy\" decoding=\"async\" width=\"400\" height=\"400\" src=\"\/wp-content\/uploads\/2026\/03\/CORINNA-WOLF.jpeg\" alt=\"\" class=\"wp-image-528\" style=\"width:173px;height:auto\" srcset=\"\/wp-content\/uploads\/2026\/03\/CORINNA-WOLF.jpeg 400w, \/wp-content\/uploads\/2026\/03\/CORINNA-WOLF-300x300.jpeg 300w, \/wp-content\/uploads\/2026\/03\/CORINNA-WOLF-150x150.jpeg 150w, \/wp-content\/uploads\/2026\/03\/CORINNA-WOLF-12x12.jpeg 12w\" sizes=\"(max-width: 400px) 100vw, 400px\" \/><\/figure>\n<\/div>\n\n\n\n<div class=\"wp-block-column is-layout-flow wp-block-column-is-layout-flow\"><\/div>\n<\/div>\n\n\n\n<div class=\"wp-block-columns is-layout-flex wp-container-core-columns-is-layout-11 wp-block-columns-is-layout-flex\">\n<div class=\"wp-block-column is-layout-flow wp-block-column-is-layout-flow\">\n<h6 class=\"wp-block-heading\">Santhosh Damodaran - Sverige<\/h6>\n<\/div>\n\n\n\n<div class=\"wp-block-column is-layout-flow wp-block-column-is-layout-flow\">\n<h6 class=\"wp-block-heading\">Corinna Wolf - Sverige<\/h6>\n<\/div>\n\n\n\n<div class=\"wp-block-column is-layout-flow wp-block-column-is-layout-flow\"><\/div>\n<\/div>\n\n\n\n<hr class=\"wp-block-separator has-alpha-channel-opacity is-style-wide\"\/>\n\n\n\n<p>\u201cJag \u00e4r Daniel, bara en collegekille som f\u00f6r n\u00e4rvarande g\u00f6r min kandidatexamen i maskinteknik. Morgondagens framtid beror p\u00e5 dagens barn s\u00e5 de b\u00f6r v\u00e4gledas ordentligt. Och jag personligen anser att det \u00e4r att tj\u00e4na Gud genom dessa goda g\u00e4rningar.\u201d<\/p>\n\n\n\n<p><strong>Daniel Raj<\/strong>, Projektsamordnare Indien - Thiruvanmiyur (Chennai)<\/p>\n\n\n\n<hr class=\"wp-block-separator has-alpha-channel-opacity is-style-wide\"\/>\n\n\n\n<h2 class=\"wp-block-heading\">Styrelsen f\u00f6r kids.R.ok<\/h2>\n\n\n\n<div class=\"wp-block-columns is-layout-flex wp-container-core-columns-is-layout-12 wp-block-columns-is-layout-flex\">\n<div class=\"wp-block-column is-layout-flow wp-block-column-is-layout-flow\">\n<figure class=\"wp-block-image size-full wp-duotone-grayscale\"><img loading=\"lazy\" decoding=\"async\" width=\"200\" height=\"200\" src=\"\/wp-content\/uploads\/2026\/02\/image-20.png\" alt=\"\" class=\"wp-image-349\" srcset=\"\/wp-content\/uploads\/2026\/02\/image-20.png 200w, \/wp-content\/uploads\/2026\/02\/image-20-150x150.png 150w\" sizes=\"(max-width: 200px) 100vw, 200px\" \/><\/figure>\n<\/div>\n\n\n\n<div class=\"wp-block-column is-layout-flow wp-block-column-is-layout-flow\">\n<figure class=\"wp-block-image size-full wp-duotone-grayscale\"><img loading=\"lazy\" decoding=\"async\" width=\"225\" height=\"225\" src=\"\/wp-content\/uploads\/2026\/02\/image-21.png\" alt=\"\" class=\"wp-image-350\" srcset=\"\/wp-content\/uploads\/2026\/02\/image-21.png 225w, \/wp-content\/uploads\/2026\/02\/image-21-150x150.png 150w\" sizes=\"(max-width: 225px) 100vw, 225px\" \/><\/figure>\n<\/div>\n\n\n\n<div class=\"wp-block-column is-layout-flow wp-block-column-is-layout-flow\">\n<figure class=\"wp-block-image size-full wp-duotone-grayscale\"><img loading=\"lazy\" decoding=\"async\" width=\"200\" height=\"200\" src=\"\/wp-content\/uploads\/2026\/02\/image-22.png\" alt=\"\" class=\"wp-image-351\" srcset=\"\/wp-content\/uploads\/2026\/02\/image-22.png 200w, \/wp-content\/uploads\/2026\/02\/image-22-150x150.png 150w\" sizes=\"(max-width: 200px) 100vw, 200px\" \/><\/figure>\n<\/div>\n<\/div>\n\n\n\n<div class=\"wp-block-columns is-layout-flex wp-container-core-columns-is-layout-13 wp-block-columns-is-layout-flex\">\n<div class=\"wp-block-column is-layout-flow wp-block-column-is-layout-flow\">\n<blockquote class=\"wp-block-quote is-layout-flow wp-block-quote-is-layout-flow\">\n<p>Lina Eldehage<\/p>\n<\/blockquote>\n<\/div>\n\n\n\n<div class=\"wp-block-column is-layout-flow wp-block-column-is-layout-flow\">\n<blockquote class=\"wp-block-quote is-layout-flow wp-block-quote-is-layout-flow\">\n<p>George Anobah<\/p>\n<\/blockquote>\n<\/div>\n\n\n\n<div class=\"wp-block-column is-layout-flow wp-block-column-is-layout-flow\">\n<blockquote class=\"wp-block-quote is-layout-flow wp-block-quote-is-layout-flow\">\n<p>Scott Trapp<\/p>\n<\/blockquote>\n<\/div>\n<\/div>\n\n\n\n<div class=\"wp-block-columns is-layout-flex wp-container-core-columns-is-layout-14 wp-block-columns-is-layout-flex\">\n<div class=\"wp-block-column is-layout-flow wp-block-column-is-layout-flow\">\n<figure class=\"wp-block-image size-full is-resized wp-duotone-grayscale\"><img loading=\"lazy\" decoding=\"async\" width=\"600\" height=\"600\" src=\"\/wp-content\/uploads\/2026\/02\/allan.png\" alt=\"\" class=\"wp-image-471\" style=\"width:219px;height:auto\" srcset=\"\/wp-content\/uploads\/2026\/02\/allan.png 600w, \/wp-content\/uploads\/2026\/02\/allan-300x300.png 300w, \/wp-content\/uploads\/2026\/02\/allan-150x150.png 150w\" sizes=\"(max-width: 600px) 100vw, 600px\" \/><\/figure>\n<\/div>\n\n\n\n<div class=\"wp-block-column is-layout-flow wp-block-column-is-layout-flow\"><\/div>\n\n\n\n<div class=\"wp-block-column is-layout-flow wp-block-column-is-layout-flow\"><\/div>\n<\/div>\n\n\n\n<div class=\"wp-block-columns is-layout-flex wp-container-core-columns-is-layout-15 wp-block-columns-is-layout-flex\">\n<div class=\"wp-block-column is-layout-flow wp-block-column-is-layout-flow\">\n<blockquote class=\"wp-block-quote is-layout-flow wp-block-quote-is-layout-flow\">\n<p>Allan Fors<\/p>\n<\/blockquote>\n<\/div>\n\n\n\n<div class=\"wp-block-column is-layout-flow wp-block-column-is-layout-flow\"><\/div>\n\n\n\n<div class=\"wp-block-column is-layout-flow wp-block-column-is-layout-flow\"><\/div>\n<\/div>\n\n\n\n<figure class=\"wp-block-pullquote\"><blockquote><p>\u201c<em>Det finns s\u00e5 mycket gl\u00e4dje i att hj\u00e4lpa barnen och interagera med dem<\/em>\u201c<br><strong>Devyani Bhujbal<\/strong>, Projektkoordinator - Bangalore, Indien<\/p><cite>\u201cJag \u00e4r Alan Ann Abraham, jag \u00e4r fr\u00e5n Kerala. F\u00f6r n\u00e4rvarande arbetar jag med ett f\u00f6rm\u00f6genhetsf\u00f6rvaltningsf\u00f6retag som bitr\u00e4dande chef i Chennai. Att vara med barn ger mig alltid en speciell gl\u00e4dje och det var en av mina dr\u00f6mmar att arbeta f\u00f6r mindre lyckliga barn. N\u00e4sta sak som ger mig lycka \u00e4r att g\u00f6ra hantverk och rita. B\u00e5da tillsammans nu \u00e4r jag en kreativ l\u00e4rare i Kids.R.Ok Saidapet-projektet.\u201d<br><strong>Alan Ann Abraham<\/strong>, Projektkoordinator - Chennai, Indien<\/cite><\/blockquote><\/figure>","protected":false},"excerpt":{"rendered":"<p>Kids.R.ok began with an idea of creating a platform where individuals of various backgrounds could come together and make an impact to a great social need.The great social [&hellip;]<\/p>\n","protected":false},"author":2,"featured_media":0,"parent":0,"menu_order":0,"comment_status":"closed","ping_status":"closed","template":"","meta":{"footnotes":""},"_links":{"self":[{"href":"https:\/\/kidsrok.org\/sv\/wp-json\/wp\/v2\/pages\/100"}],"collection":[{"href":"https:\/\/kidsrok.org\/sv\/wp-json\/wp\/v2\/pages"}],"about":[{"href":"https:\/\/kidsrok.org\/sv\/wp-json\/wp\/v2\/types\/page"}],"author":[{"embeddable":true,"href":"https:\/\/kidsrok.org\/sv\/wp-json\/wp\/v2\/users\/2"}],"replies":[{"embeddable":true,"href":"https:\/\/kidsrok.org\/sv\/wp-json\/wp\/v2\/comments?post=100"}],"version-history":[{"count":68,"href":"https:\/\/kidsrok.org\/sv\/wp-json\/wp\/v2\/pages\/100\/revisions"}],"predecessor-version":[{"id":529,"href":"https:\/\/kidsrok.org\/sv\/wp-json\/wp\/v2\/pages\/100\/revisions\/529"}],"wp:attachment":[{"href":"https:\/\/kidsrok.org\/sv\/wp-json\/wp\/v2\/media?parent=100"}],"curies":[{"name":"wp","href":"https:\/\/api.w.org\/{rel}","templated":true}]}}