{"id":55,"date":"2025-01-26T15:16:08","date_gmt":"2025-01-26T15:16:08","guid":{"rendered":"https:\/\/kidsrok-wp-prd.azurewebsites.net\/?page_id=55"},"modified":"2026-02-17T21:23:11","modified_gmt":"2026-02-17T21:23:11","slug":"donation-gift","status":"publish","type":"page","link":"https:\/\/kidsrok.org\/en\/donation-gift\/","title":{"rendered":"Donation Gift"},"content":{"rendered":"\n<figure class=\"wp-block-pullquote\"><blockquote><p>Kids.R.Ok team members work as volunteers, contributing to keep the administration costs at bare minimal. All the funds raised from our donors go directly for the sole purpose of children\u2019s education aid and projects aimed benefiting the children.<\/p><\/blockquote><\/figure>\n\n\n\n<figure class=\"wp-block-image alignright\"><img decoding=\"async\" src=\"http:\/\/kidsrok.org\/wp-content\/uploads\/2018\/04\/Screen-Shot-2018-04-06-at-10.42.19-187x300.png\" alt=\"\" class=\"wp-image-4072\"\/><\/figure>\n\n\n\n<p><\/p>\n\n\n\n<p><\/p>\n\n\n\n<h3 class=\"wp-block-heading\">Svenska Givare:<\/h3>\n\n\n\n<ul>\n<li><strong>PlusGiro: 67 79 04-5<\/strong><\/li>\n<\/ul>\n\n\n\n<p><a href=\"http:\/\/kidsrok.org\/autogiro\/\">L\u00e4nk till Autogiro-registrering<\/a><\/p>\n\n\n\n<p><\/p>\n\n\n\n<p><\/p>\n\n\n\n<h3 class=\"wp-block-heading\">INDIA 80(G)<\/h3>\n\n\n\n<p><strong>Education First<\/strong><\/p>\n\n\n\n<p>Indian donors can get tax exemptions on their donation, to know more, one can contact our Indian Managing Director of &#8216;<strong>Education First<\/strong>&#8216; Sunjeet Sudhir on how you can contribute:&nbsp;&nbsp;<strong>info@kidsrok.org&nbsp;<\/strong><\/p>\n\n\n\n<p><\/p>\n\n\n\n<p><\/p>\n\n\n\n<h3 class=\"wp-block-heading\">USA 501c(3)<\/h3>\n\n\n\n<p><strong>Kids.R.Ok Inc. is a registered 501(c)(3) non-profit organization in USA. All donations are tax deductible.<\/strong><\/p>\n\n\n\n<p>This allows all American donors to get tax exemption from the based IRS code.<\/p>\n\n\n\n<figure class=\"wp-block-image size-full\"><img loading=\"lazy\" decoding=\"async\" width=\"147\" height=\"47\" src=\"\/wp-content\/uploads\/2025\/01\/image.png\" alt=\"\" class=\"wp-image-56\"\/><\/figure>\n\n\n\n<p><\/p>\n\n\n\n<p><\/p>\n\n\n\n<h2 class=\"wp-block-heading\"><strong>Bli medlem<\/strong>&nbsp;<strong>i kids.R.ok<\/strong><\/h2>\n\n\n\n<p>Som medlem i KIDS.R.OK har du m\u00f6jlighet att komma med f\u00f6rslag p\u00e5 f\u00f6rb\u00e4ttringar och f\u00f6r\u00e4ndringar som vi sedan kan diskutera tillsammans p\u00e5 \u00e5rsm\u00f6tet. Alla f\u00f6rslag ska skickas till kidsrok@kidsrok.org senast fyra veckor f\u00f6re \u00e5rsm\u00f6tet.<\/p>\n\n\n\n<p>Villkor f\u00f6r medlem: Som medlem f\u00f6rv\u00e4ntas du antingen fr\u00e4mja f\u00f6reningens \u00e4ndam\u00e5l ekonomiskt (regelbundet givande) och\/eller genom ideellt arbete f\u00f6r KIDS.R.OK. Du ska \u00e4ven \u00e5rligen betala en medlemsavgift. Storleken p\u00e5 medlemsavgiften fastst\u00e4lls vid \u00e5rsm\u00f6tet. Medlemsavgiften \u00e4r 200 kr.<\/p>\n\n\n\n<p><\/p>\n\n\n\n<p><a href=\"http:\/\/kidsrok.org\/donation-model\/bli-medlem\/\"><strong>Ans\u00f6k om&nbsp;medlemskap&nbsp;f\u00f6r&nbsp;verksamhets\u00e5r&nbsp;h\u00e4r<\/strong><\/a><\/p>\n","protected":false},"excerpt":{"rendered":"<p>Kids.R.Ok team members work as volunteers, contributing to keep the administration costs at bare minimal. All the funds raised from our donors go directly for the sole purpose [&hellip;]<\/p>\n","protected":false},"author":2,"featured_media":57,"parent":0,"menu_order":0,"comment_status":"closed","ping_status":"closed","template":"","meta":{"footnotes":""},"_links":{"self":[{"href":"https:\/\/kidsrok.org\/en\/wp-json\/wp\/v2\/pages\/55"}],"collection":[{"href":"https:\/\/kidsrok.org\/en\/wp-json\/wp\/v2\/pages"}],"about":[{"href":"https:\/\/kidsrok.org\/en\/wp-json\/wp\/v2\/types\/page"}],"author":[{"embeddable":true,"href":"https:\/\/kidsrok.org\/en\/wp-json\/wp\/v2\/users\/2"}],"replies":[{"embeddable":true,"href":"https:\/\/kidsrok.org\/en\/wp-json\/wp\/v2\/comments?post=55"}],"version-history":[{"count":6,"href":"https:\/\/kidsrok.org\/en\/wp-json\/wp\/v2\/pages\/55\/revisions"}],"predecessor-version":[{"id":382,"href":"https:\/\/kidsrok.org\/en\/wp-json\/wp\/v2\/pages\/55\/revisions\/382"}],"wp:featuredmedia":[{"embeddable":true,"href":"https:\/\/kidsrok.org\/en\/wp-json\/wp\/v2\/media\/57"}],"wp:attachment":[{"href":"https:\/\/kidsrok.org\/en\/wp-json\/wp\/v2\/media?parent=55"}],"curies":[{"name":"wp","href":"https:\/\/api.w.org\/{rel}","templated":true}]}}