{"id":260,"date":"2026-02-16T12:43:35","date_gmt":"2026-02-16T12:43:35","guid":{"rendered":"https:\/\/kidsrok-wp-prd.azurewebsites.net\/?page_id=260"},"modified":"2026-02-16T12:44:53","modified_gmt":"2026-02-16T12:44:53","slug":"andra-autogiro","status":"publish","type":"page","link":"https:\/\/kidsrok.org\/en\/andra-autogiro\/","title":{"rendered":"\u00c4ndra Autogiro"},"content":{"rendered":"\n<h3 class=\"wp-block-heading\">\u00c4ndra m\u00e5nadsgivande via Autogiro<\/h3>\n\n\n\n<p>Om du vill \u00e4ndra eller avbryta ditt m\u00e5nadsgivande kan du kontakta oss via nedan formul\u00e4r.<\/p>\n\n\n<div class=\"wpforms-container wpforms-container-full wpforms-block wpforms-block-6ee636ee-8f86-444d-b6e2-470dc609413d wpforms-render-modern\" id=\"wpforms-255\"><form id=\"wpforms-form-255\" class=\"wpforms-validate wpforms-form wpforms-ajax-form\" data-formid=\"255\" method=\"post\" enctype=\"multipart\/form-data\" action=\"\/en\/wp-json\/wp\/v2\/pages\/260\" data-token=\"ac78dc3ffc5f60be6bb14d3faa9ee073\" data-token-time=\"1776505001\"><noscript class=\"wpforms-error-noscript\">Please enable JavaScript in your browser to complete this form.<\/noscript><div class=\"wpforms-hidden\" id=\"wpforms-error-noscript\">Please enable JavaScript in your browser to complete this form.<\/div><div class=\"wpforms-field-container\"><div id=\"wpforms-255-field_1-container\" class=\"wpforms-field wpforms-field-name\" data-field-id=\"1\"><label class=\"wpforms-field-label\" for=\"wpforms-255-field_1\">Ditt f\u00f6r- och efternamn <span class=\"wpforms-required-label\" aria-hidden=\"true\">*<\/span><\/label><input type=\"text\" id=\"wpforms-255-field_1\" class=\"wpforms-field-medium wpforms-field-required\" name=\"wpforms[fields][1]\" aria-errormessage=\"wpforms-255-field_1-error\" required><\/div><div id=\"wpforms-255-field_2-container\" class=\"wpforms-field wpforms-field-email\" data-field-id=\"2\"><label class=\"wpforms-field-label\" for=\"wpforms-255-field_2\">Din Email-adress <span class=\"wpforms-required-label\" aria-hidden=\"true\">*<\/span><\/label><input type=\"email\" id=\"wpforms-255-field_2\" class=\"wpforms-field-medium wpforms-field-required\" name=\"wpforms[fields][2]\" spellcheck=\"false\" aria-errormessage=\"wpforms-255-field_2-error\" required><\/div><div id=\"wpforms-255-field_3-container\" class=\"wpforms-field wpforms-field-textarea\" data-field-id=\"3\"><label class=\"wpforms-field-label\" for=\"wpforms-255-field_3\">Ditt meddelande <span class=\"wpforms-required-label\" aria-hidden=\"true\">*<\/span><\/label><textarea id=\"wpforms-255-field_3\" class=\"wpforms-field-medium wpforms-field-required\" name=\"wpforms[fields][3]\" aria-errormessage=\"wpforms-255-field_3-error\" required><\/textarea><\/div><\/div><!-- .wpforms-field-container --><div class=\"wpforms-submit-container\" ><input type=\"hidden\" name=\"wpforms[id]\" value=\"255\"><input type=\"hidden\" name=\"page_title\" value=\"\"><input type=\"hidden\" name=\"page_url\" value=\"https:\/\/kidsrok.org\/en\/wp-json\/wp\/v2\/pages\/260\"><button type=\"submit\" name=\"wpforms[submit]\" id=\"wpforms-submit-255\" class=\"wpforms-submit\" data-alt-text=\"Sending...\" data-submit-text=\"SKICKA\" aria-live=\"assertive\" value=\"wpforms-submit\">SKICKA<\/button><img loading=\"lazy\" decoding=\"async\" src=\"\/wp-content\/plugins\/wpforms-lite\/assets\/images\/submit-spin.svg\" class=\"wpforms-submit-spinner\" style=\"display: none;\" width=\"26\" height=\"26\" alt=\"Loading\"><\/div><\/form><\/div>  <!-- .wpforms-container -->","protected":false},"excerpt":{"rendered":"<p>\u00c4ndra m\u00e5nadsgivande via Autogiro Om du vill \u00e4ndra eller avbryta ditt m\u00e5nadsgivande kan du kontakta oss via nedan formul\u00e4r.<\/p>\n","protected":false},"author":3,"featured_media":0,"parent":0,"menu_order":0,"comment_status":"closed","ping_status":"closed","template":"","meta":{"footnotes":""},"_links":{"self":[{"href":"https:\/\/kidsrok.org\/en\/wp-json\/wp\/v2\/pages\/260"}],"collection":[{"href":"https:\/\/kidsrok.org\/en\/wp-json\/wp\/v2\/pages"}],"about":[{"href":"https:\/\/kidsrok.org\/en\/wp-json\/wp\/v2\/types\/page"}],"author":[{"embeddable":true,"href":"https:\/\/kidsrok.org\/en\/wp-json\/wp\/v2\/users\/3"}],"replies":[{"embeddable":true,"href":"https:\/\/kidsrok.org\/en\/wp-json\/wp\/v2\/comments?post=260"}],"version-history":[{"count":2,"href":"https:\/\/kidsrok.org\/en\/wp-json\/wp\/v2\/pages\/260\/revisions"}],"predecessor-version":[{"id":264,"href":"https:\/\/kidsrok.org\/en\/wp-json\/wp\/v2\/pages\/260\/revisions\/264"}],"wp:attachment":[{"href":"https:\/\/kidsrok.org\/en\/wp-json\/wp\/v2\/media?parent=260"}],"curies":[{"name":"wp","href":"https:\/\/api.w.org\/{rel}","templated":true}]}}