{"id":246,"date":"2026-02-16T12:25:59","date_gmt":"2026-02-16T12:25:59","guid":{"rendered":"https:\/\/kidsrok-wp-prd.azurewebsites.net\/?page_id=246"},"modified":"2026-02-16T12:25:59","modified_gmt":"2026-02-16T12:25:59","slug":"villkor-for-autogiro","status":"publish","type":"page","link":"https:\/\/kidsrok.org\/en\/villkor-for-autogiro\/","title":{"rendered":"Villkor f\u00f6r autogiro"},"content":{"rendered":"\n<p><strong>Allm\u00e4nt<\/strong><\/p>\n\n\n\n<p>Autogiro \u00e4r en betaltj\u00e4nst som inneb\u00e4r att betalningar utf\u00f6rs fr\u00e5n betalarens konto p\u00e5 initiativ av betalningsmottagaren. F\u00f6r att betalaren ska kunna betala via Autogiro, ska betalaren l\u00e4mna sitt medgivande till betalningsmottagaren om att denne f\u00e5r initiera betalningar fr\u00e5n betalarens konto. Dessutom ska betalarens betaltj\u00e4nstleverant\u00f6r (t ex bank eller betalningsinstitut) godk\u00e4nna att kontot kan anv\u00e4ndas f\u00f6r Autogiro och betalningsmottagaren ska godk\u00e4nna betalaren som anv\u00e4ndare av Autogiro.<\/p>\n\n\n\n<p>Betalarens betaltj\u00e4nstleverant\u00f6r \u00e4r inte skyldig att pr\u00f6va beh\u00f6righeten av eller meddela betalaren i f\u00f6rv\u00e4g om beg\u00e4rda uttag. Uttag belastas betalarens konto enligt de regler som g\u00e4ller hos betalarens betaltj\u00e4nstleverant\u00f6r. Meddelande om uttag f\u00e5r betalaren fr\u00e5n sin betaltj\u00e4nstleverant\u00f6r. Medgivandet kan p\u00e5 betalarens beg\u00e4ran \u00f6verflyttas till annat konto hos betaltj\u00e4nstleverant\u00f6ren eller till konto hos annan betaltj\u00e4nstleverant\u00f6r.<\/p>\n\n\n\n<p><strong>Definition av bankdag<\/strong><\/p>\n\n\n\n<p>Med bankdag avses alla dagar utom l\u00f6rdag, s\u00f6ndag, midsommarafton, julafton eller ny\u00e5rsafton eller annan allm\u00e4n helgdag.<\/p>\n\n\n\n<p><strong>Information om betalning<\/strong><\/p>\n\n\n\n<p>Betalaren kommer av betalningsmottagaren att meddelas belopp, f\u00f6rfallodag och betalningss\u00e4tt senast \u00e5tta bankdagar f\u00f6re f\u00f6rfallodagen. Detta kan meddelas inf\u00f6r varje enskild f\u00f6rfallodag eller vid ett tillf\u00e4lle avseende flera framtida f\u00f6rfallodagar. Om meddelandet avser flera framtida f\u00f6rfallodagar ska meddelandet l\u00e4mnas senast \u00e5tta bankdagar f\u00f6re den f\u00f6rsta f\u00f6rfallodagen. Detta g\u00e4ller dock inte fall d\u00e5 betalaren godk\u00e4nt uttaget i samband med k\u00f6p eller best\u00e4llning av vara eller tj\u00e4nst. I s\u00e5dant fall f\u00e5r betalaren meddelande av betalningsmottagaren om belopp, f\u00f6rfallodag och betalningss\u00e4tt i samband med k\u00f6pet och\/eller best\u00e4llningen. Genom undertecknandet av detta medgivande l\u00e4mnar betalaren sitt samtycke till att betalningar som omfattas av betalningsmottagarens meddelande enligt denna punkt genomf\u00f6rs.<\/p>\n\n\n\n<p><strong>T\u00e4ckning m\u00e5ste finnas p\u00e5 kontot<\/strong><\/p>\n\n\n\n<p>Betalaren ska se till att t\u00e4ckning finns p\u00e5 kontot senast kl. 00.01 p\u00e5 f\u00f6rfallodagen. Har betalaren inte t\u00e4ckning p\u00e5 kontot p\u00e5 f\u00f6rfallodagen kan det inneb\u00e4ra att betalningar inte blir utf\u00f6rda. Om t\u00e4ckning saknas f\u00f6r betalning p\u00e5 f\u00f6rfallodagen f\u00e5r betalningsmottagaren g\u00f6ra ytterligare uttagsf\u00f6rs\u00f6k under de kommande bankdagarna. Betalaren kan p\u00e5 beg\u00e4ran f\u00e5 information fr\u00e5n betalningsmottagaren om antalet uttagsf\u00f6rs\u00f6k.<\/p>\n\n\n\n<p><strong>Stoppa betalning (\u00e5terkallelse av betalningsorder)<\/strong><\/p>\n\n\n\n<p>Betalaren f\u00e5r stoppa en betalning genom att kontakta antingen betalningsmottagaren senast tv\u00e5 bankdagar f\u00f6re f\u00f6rfallodagen eller sin betaltj\u00e4nstleverant\u00f6r senast bankdagen f\u00f6re f\u00f6rfallodagen vid den tidpunkt som anges av betaltj\u00e4nstleverant\u00f6ren<\/p>\n\n\n\n<p>Om betalaren stoppar en betalning enligt ovan inneb\u00e4r det att den aktuella betalningen stoppas vid ett enskilt tillf\u00e4lle. Om betalaren vill att samtliga framtida betalningar som initieras av betalningsmottagaren ska stoppas m\u00e5ste betalaren \u00e5terkalla medgivandet.<\/p>\n\n\n\n<p><strong>Medgivandets giltighetstid, \u00e5terkallelse<\/strong><\/p>\n\n\n\n<p>Medgivandet g\u00e4ller tills vidare. Betalaren har r\u00e4tt att n\u00e4r som helst \u00e5terkalla medgivandet genom att kontakta betalningsmottagaren eller sin betaltj\u00e4nstleverant\u00f6r. Meddelandet om \u00e5terkallelse av medgivandet ska f\u00f6r att stoppa \u00e4nnu inte genomf\u00f6rda betalningar vara betalningsmottagaren tillhanda senast fem bankdagar f\u00f6re f\u00f6rfallodagen alternativt vara betalarens betaltj\u00e4nstleverant\u00f6r tillhanda senast bankdagen f\u00f6re f\u00f6rfallodagen vid den tidpunkt som anges av betaltj\u00e4nstleverant\u00f6ren.<\/p>\n\n\n\n<p><strong>R\u00e4tten f\u00f6r betalningsmottagaren och betalarens betaltj\u00e4nstleverant\u00f6r att avsluta anslutningen till Autogiro<\/strong><\/p>\n\n\n\n<p>Betalningsmottagaren har r\u00e4tt att avsluta betalarens anslutning till Autogiro trettio dagar efter det att betalningsmottagaren underr\u00e4ttat betalaren h\u00e4rom. Betalningsmottagaren har dock r\u00e4tt att omedelbart avsluta betalarens anslutning till Autogiro om betalaren vid upprepade tillf\u00e4llen inte har haft tillr\u00e4cklig kontobeh\u00e5llning p\u00e5 f\u00f6rfallodagen eller om det konto som medgivandet avser avslutas eller om betalningsmottagaren bed\u00f6mer att betalaren av annan anledning inte b\u00f6r delta i Autogiro.<\/p>\n\n\n\n<p>Betalarens betaltj\u00e4nstleverant\u00f6r har r\u00e4tt att avsluta betalarens anslutning till Autogiro i enlighet med de villkor som g\u00e4ller mellan betalarens betaltj\u00e4nstleverant\u00f6r och betalaren.<\/p>\n\n\n\n<p><strong>Medgivande till betalning via Autogiro<\/strong><\/p>\n\n\n\n<p>Undertecknad (\u201dbetalaren\u201d), medger att betalning f\u00e5r g\u00f6ras genom uttag fr\u00e5n angivet konto eller av betalaren senare angivet konto, p\u00e5 beg\u00e4ran av angiven betalningsmottagare f\u00f6r betalning till denne p\u00e5 viss dag (\u201df\u00f6rfallodagen\u201d) via Autogiro. Betalaren samtycker till att behandling av personuppgifter som l\u00e4mnats i detta medgivande behandlas av betalarens betaltj\u00e4nstleverant\u00f6r, betalningsmottagaren, betalningsmottagarens betaltj\u00e4nstleverant\u00f6r och Bankgirocentralen BGC AB f\u00f6r administration av tj\u00e4nsten. Personuppgiftsansvariga f\u00f6r denna personuppgiftsbehandling \u00e4r betalarens betaltj\u00e4nstleverant\u00f6r, betalningsmottagaren samt betalningsmottagarens betaltj\u00e4nstleverant\u00f6r. Betalaren kan n\u00e4r som helst beg\u00e4ra att f\u00e5 tillg\u00e5ng till eller r\u00e4ttelse av personuppgifterna genom att kontakta betalarens betaltj\u00e4nstleverant\u00f6r. Ytterligare information om behandling av personuppgifter i samband med betalningar kan finnas i villkoren f\u00f6r kontot och i avtalet med betalningsmottagaren. Betalaren kan n\u00e4r som helst \u00e5terkalla sitt samtycke, vilket medf\u00f6r att tj\u00e4nsten i sin helhet avslutas.<\/p>\n","protected":false},"excerpt":{"rendered":"<p>Allm\u00e4nt Autogiro \u00e4r en betaltj\u00e4nst som inneb\u00e4r att betalningar utf\u00f6rs fr\u00e5n betalarens konto p\u00e5 initiativ av betalningsmottagaren. F\u00f6r att betalaren ska kunna betala via Autogiro, ska betalaren l\u00e4mna [&hellip;]<\/p>\n","protected":false},"author":3,"featured_media":0,"parent":0,"menu_order":0,"comment_status":"closed","ping_status":"closed","template":"","meta":{"footnotes":""},"_links":{"self":[{"href":"https:\/\/kidsrok.org\/en\/wp-json\/wp\/v2\/pages\/246"}],"collection":[{"href":"https:\/\/kidsrok.org\/en\/wp-json\/wp\/v2\/pages"}],"about":[{"href":"https:\/\/kidsrok.org\/en\/wp-json\/wp\/v2\/types\/page"}],"author":[{"embeddable":true,"href":"https:\/\/kidsrok.org\/en\/wp-json\/wp\/v2\/users\/3"}],"replies":[{"embeddable":true,"href":"https:\/\/kidsrok.org\/en\/wp-json\/wp\/v2\/comments?post=246"}],"version-history":[{"count":1,"href":"https:\/\/kidsrok.org\/en\/wp-json\/wp\/v2\/pages\/246\/revisions"}],"predecessor-version":[{"id":247,"href":"https:\/\/kidsrok.org\/en\/wp-json\/wp\/v2\/pages\/246\/revisions\/247"}],"wp:attachment":[{"href":"https:\/\/kidsrok.org\/en\/wp-json\/wp\/v2\/media?parent=246"}],"curies":[{"name":"wp","href":"https:\/\/api.w.org\/{rel}","templated":true}]}}