{"id":184,"date":"2025-05-06T09:52:59","date_gmt":"2025-05-06T09:52:59","guid":{"rendered":"https:\/\/kidsrok-wp-prd.azurewebsites.net\/?page_id=184"},"modified":"2026-02-17T21:24:05","modified_gmt":"2026-02-17T21:24:05","slug":"paymentkidsrok","status":"publish","type":"page","link":"https:\/\/kidsrok.org\/en\/paymentkidsrok\/","title":{"rendered":"Donation Page"},"content":{"rendered":"\n<div class=\"wp-block-columns is-layout-flex wp-container-core-columns-is-layout-1 wp-block-columns-is-layout-flex\"><\/div>\n\n\n\n<p><strong>Click on PayPal to pay by card<\/strong><\/p>\n\n\n\n<div class=\"wp-block-columns is-layout-flex wp-container-core-columns-is-layout-2 wp-block-columns-is-layout-flex\">\n<div class=\"wp-block-column is-layout-flow wp-block-column-is-layout-flow\">\n<figure class=\"wp-block-image size-full is-resized\"><a href=\"https:\/\/www.paypal.com\/us\/fundraiser\/charity\/2426162\"><img loading=\"lazy\" decoding=\"async\" width=\"375\" height=\"173\" src=\"https:\/\/kidsrokwpp-ee33225e01-endpoint.azureedge.net\/blobkidsrokwppee33225e01\/wp-content\/uploads\/2026\/02\/image.png\" alt=\"\" class=\"wp-image-223\" style=\"width:486px;height:auto\" srcset=\"\/wp-content\/uploads\/2026\/02\/image.png 375w, \/wp-content\/uploads\/2026\/02\/image-300x138.png 300w\" sizes=\"(max-width: 375px) 100vw, 375px\" \/><\/a><\/figure>\n<\/div>\n\n\n\n<div class=\"wp-block-column is-layout-flow wp-block-column-is-layout-flow\">\n<figure class=\"wp-block-pullquote\"><blockquote><p><strong>PlusGiro: 67 79 04-5<\/strong><\/p><cite>SWEDEN BANK<\/cite><\/blockquote><\/figure>\n<\/div>\n\n\n\n<div class=\"wp-block-column is-layout-flow wp-block-column-is-layout-flow\">\n<figure class=\"wp-block-image size-full\"><img loading=\"lazy\" decoding=\"async\" width=\"224\" height=\"300\" src=\"\/wp-content\/uploads\/2026\/02\/Screen_Shot_2016-10-19_at_10.31.11-224x300-1.png\" alt=\"swish\" class=\"wp-image-227\"\/><\/figure>\n<\/div>\n<\/div>\n\n\n\n<div class=\"wp-block-columns is-layout-flex wp-container-core-columns-is-layout-6 wp-block-columns-is-layout-flex\">\n<div class=\"wp-block-column is-layout-flow wp-block-column-is-layout-flow\">\n<div class=\"wp-block-columns is-layout-flex wp-container-core-columns-is-layout-5 wp-block-columns-is-layout-flex\">\n<div class=\"wp-block-column is-layout-flow wp-block-column-is-layout-flow\">\n<div class=\"wp-block-columns is-layout-flex wp-container-core-columns-is-layout-4 wp-block-columns-is-layout-flex\">\n<div class=\"wp-block-column is-layout-flow wp-block-column-is-layout-flow\">\n<div class=\"wp-block-columns is-layout-flex wp-container-core-columns-is-layout-3 wp-block-columns-is-layout-flex\">\n<div class=\"wp-block-column is-layout-flow wp-block-column-is-layout-flow\"><\/div>\n<\/div>\n<\/div>\n<\/div>\n<\/div>\n<\/div>\n<\/div>\n<\/div>\n\n\n\n<p><\/p>\n\n\n\n<h5 class=\"wp-block-heading has-text-align-center\"><a href=\"\/autogiro\">L\u00e4nk till Autogiro-registrering<\/a><\/h5>\n\n\n\n<h5 class=\"wp-block-heading has-text-align-center\">(KidsRok f\u00f6redrar g\u00e5vor via Autogiro)<\/h5>\n\n\n\n<h3 class=\"wp-block-heading has-text-align-center\"><\/h3>\n\n\n\n<p><\/p>\n\n\n\n<h3 class=\"wp-block-heading\">USA 501c(3)<\/h3>\n\n\n\n<p><strong>Kids.R.Ok Inc. is a registered 501(c)(3) non-profit organization in USA. All donations are tax deductible.<\/strong><\/p>\n\n\n\n<p>This allows all American donors to get tax exemption from the based IRS code.<\/p>\n\n\n\n<figure class=\"wp-block-pullquote\"><blockquote><p>Kids.R.Ok team members work as volunteers, contributing to keep the administration costs at bare minimal. All the funds raised from our donors go directly for the sole purpose of children\u2019s education aid and projects aimed benefiting the children.<\/p><cite>kids.r.ok team<\/cite><\/blockquote><\/figure>\n","protected":false},"excerpt":{"rendered":"<p>Click on PayPal to pay by card PlusGiro: 67 79 04-5 SWEDEN BANK L\u00e4nk till Autogiro-registrering (KidsRok f\u00f6redrar g\u00e5vor via Autogiro) USA 501c(3) Kids.R.Ok Inc. is a registered [&hellip;]<\/p>\n","protected":false},"author":3,"featured_media":0,"parent":0,"menu_order":0,"comment_status":"closed","ping_status":"closed","template":"","meta":{"footnotes":""},"_links":{"self":[{"href":"https:\/\/kidsrok.org\/en\/wp-json\/wp\/v2\/pages\/184"}],"collection":[{"href":"https:\/\/kidsrok.org\/en\/wp-json\/wp\/v2\/pages"}],"about":[{"href":"https:\/\/kidsrok.org\/en\/wp-json\/wp\/v2\/types\/page"}],"author":[{"embeddable":true,"href":"https:\/\/kidsrok.org\/en\/wp-json\/wp\/v2\/users\/3"}],"replies":[{"embeddable":true,"href":"https:\/\/kidsrok.org\/en\/wp-json\/wp\/v2\/comments?post=184"}],"version-history":[{"count":25,"href":"https:\/\/kidsrok.org\/en\/wp-json\/wp\/v2\/pages\/184\/revisions"}],"predecessor-version":[{"id":383,"href":"https:\/\/kidsrok.org\/en\/wp-json\/wp\/v2\/pages\/184\/revisions\/383"}],"wp:attachment":[{"href":"https:\/\/kidsrok.org\/en\/wp-json\/wp\/v2\/media?parent=184"}],"curies":[{"name":"wp","href":"https:\/\/api.w.org\/{rel}","templated":true}]}}